{"id":561,"date":"2018-05-04T13:07:09","date_gmt":"2018-05-04T13:07:09","guid":{"rendered":"http:\/\/robustaaventyr.se\/?page_id=561"},"modified":"2019-03-15T02:49:37","modified_gmt":"2019-03-15T02:49:37","slug":"privacy-policy","status":"publish","type":"page","link":"https:\/\/robustaaventyr.se\/en\/privacy-policy\/","title":{"rendered":"Privacy policy"},"content":{"rendered":"<p>[et_pb_section fb_built=&#8221;1&#8243; fullwidth=&#8221;on&#8221; _builder_version=&#8221;3.0.106&#8243;][et_pb_fullwidth_header title=&#8221;Privacy policy&#8221; _builder_version=&#8221;3.16&#8243; title_text_align=&#8221;left&#8221; title_font_size=&#8221;48px&#8221; subhead_font=&#8221;|700|||||||&#8221; subhead_font_size=&#8221;24px&#8221; use_background_color_gradient=&#8221;on&#8221; background_color_gradient_start=&#8221;rgba(255,255,255,0)&#8221; background_color_gradient_end=&#8221;rgba(0,0,0,0.48)&#8221; background_color_gradient_direction=&#8221;241deg&#8221; background_color_gradient_end_position=&#8221;81%&#8221; background_color_gradient_overlays_image=&#8221;on&#8221; background_image=&#8221;https:\/\/robustaaventyr.se\/wp-content\/uploads\/2018\/04\/video-klover.jpg&#8221; background_position=&#8221;bottom_center&#8221; custom_margin=&#8221;|||&#8221; custom_padding=&#8221;||100px|&#8221; text_shadow_style=&#8221;preset2&#8243; custom_css_title=&#8221;padding-top: 200px;||||&#8221; button_one_text_size__hover_enabled=&#8221;off&#8221; button_two_text_size__hover_enabled=&#8221;off&#8221; button_one_text_color__hover_enabled=&#8221;off&#8221; button_two_text_color__hover_enabled=&#8221;off&#8221; button_one_border_width__hover_enabled=&#8221;off&#8221; button_two_border_width__hover_enabled=&#8221;off&#8221; button_one_border_color__hover_enabled=&#8221;off&#8221; button_two_border_color__hover_enabled=&#8221;off&#8221; button_one_border_radius__hover_enabled=&#8221;off&#8221; button_two_border_radius__hover_enabled=&#8221;off&#8221; button_one_letter_spacing__hover_enabled=&#8221;off&#8221; button_two_letter_spacing__hover_enabled=&#8221;off&#8221; button_one_bg_color__hover_enabled=&#8221;off&#8221; button_two_bg_color__hover_enabled=&#8221;off&#8221;][\/et_pb_fullwidth_header][\/et_pb_section][et_pb_section fb_built=&#8221;1&#8243; _builder_version=&#8221;3.2.1&#8243;][et_pb_row custom_padding=&#8221;0|0px|0|0px&#8221; _builder_version=&#8221;3.0.106&#8243;][et_pb_column type=&#8221;1_2&#8243; _builder_version=&#8221;3.0.47&#8243;][et_pb_text _builder_version=&#8221;3.2.1&#8243; header_font_size_tablet=&#8221;30px&#8221; header_font_size_last_edited=&#8221;on|phone&#8221;]<strong>WHAT INFORMATION DO WE COLLECT?<\/strong><br \/>\nWe collect information from you when you email us, use the contact form or make a booking. Bookings are managed by Bokun on our behalf. When booking on our site, you are asked to enter name, e-mail address, postal address, phone number, dates, card details etc.<\/p>\n<p><strong>WHO IS CHARGE OF KEEPING THE INFORMATION?<\/strong><br \/>\nThe person in charge of keeping your information safe is Camilla J\u00f6nsson, Robusta AB, company reg.no 556897-4983, Orman\u00e4s 367, 243 91 H\u00f6\u00f6r, Sweden.<\/p>\n<p><strong>WHAT DO WE USE YOUR DATA FOR?<\/strong><br \/>\nSome of the information we collect from you can be used in one of the following ways:<\/p>\n<p><strong>For booking<\/strong>: Your information, public or private, will not be sold, exchanged, transferred or given to any other company for any reason without your consent, except for the express purpose of reservation. This information is kept according to Swedish laws for two years.<\/p>\n<p><strong>To send e-mail<\/strong>: Your e-mail address will be used for a reply related to your question. Should you want to delete or edit sent information, please email us at info@robustaaventyr.se.<\/p>\n<p><strong>To send newsletter<\/strong>: Your e-mail address will be added to our occasional newsletter. Should you want to opt out, please use the link in the footer of the newsletter.<\/p>\n<p><strong>HOW DO WE PROTECT YOUR DATA?<\/strong><br \/>\nWe implement a number of security measures to maintain the security of your personal information when making an order. This site and the booking site are secured by Secure Socket Layer (SSL) technology and will only be available to those authorized with special rights for these systems, and are required to keep the information confidential. No private information (credit card number etc.) is stored on the website\u2019s servers.<br \/>\n[\/et_pb_text][\/et_pb_column][et_pb_column type=&#8221;1_2&#8243; _builder_version=&#8221;3.0.47&#8243;][et_pb_text _builder_version=&#8221;3.2.1&#8243; header_font_size_tablet=&#8221;30px&#8221; header_font_size_last_edited=&#8221;on|phone&#8221;]<strong>DO YOU NEED COOKIES?<\/strong><br \/>\nYes. Cookies are small files that a website or its service provider saves to your computer&#8217;s hard drive through your browser (if you allow). It allows websites or service providers to recognize your browser and capture and remember certain information.<\/p>\n<p>If you want, you can choose to let your computer warn you every time a cookie is sent, or you can choose to turn off all cookies through your browser&#8217;s settings. Like most websites, if you close your cookies, some of our services may work properly. However, you can still place orders by contacting us manually.<\/p>\n<p><strong>DO NOT EXCLUDE ANY INFORMATION TO OUTSTANDING?<\/strong><br \/>\nWe do not sell, exchange, or otherwise transfer your personal information to third parties. This does not include trusted third parties that help us to run our website, conduct our business, or service to you as long as these parties agree to keep this information confidential. We may also publish your information whenever we think it is appropriate to comply with the law, maintain our website policy, or protect our or others&#8217; rights, property, or security.<\/p>\n<p><strong>YOUR CONSENT<\/strong><br \/>\nBy using our site, you agree to our privacy policy.<\/p>\n<p><strong>CHANGE IN INTEGRITY POLICY<\/strong><br \/>\nIf we decide to make changes to the policy, we will publish a new version on this page.<br \/>\n[\/et_pb_text][\/et_pb_column][\/et_pb_row][\/et_pb_section][et_pb_section fb_built=&#8221;1&#8243; custom_padding_last_edited=&#8221;on|phone&#8221; _builder_version=&#8221;3.8&#8243; background_color=&#8221;#ec6707&#8243; custom_margin=&#8221;|||&#8221; custom_margin_phone=&#8221;|||&#8221; custom_margin_last_edited=&#8221;on|desktop&#8221; custom_padding=&#8221;|||&#8221; custom_padding_phone=&#8221;|||&#8221; global_module=&#8221;114&#8243; saved_tabs=&#8221;all&#8221;][et_pb_row make_fullwidth=&#8221;on&#8221; custom_padding=&#8221;|||&#8221; custom_padding_phone=&#8221;0px|0px|0px|0px&#8221; custom_margin=&#8221;|||&#8221; custom_padding_last_edited=&#8221;on|desktop&#8221; _builder_version=&#8221;3.1.1&#8243; background_size=&#8221;initial&#8221; background_position=&#8221;top_left&#8221; background_repeat=&#8221;repeat&#8221; custom_margin_phone=&#8221;|40px||40px&#8221; custom_margin_last_edited=&#8221;on|desktop&#8221;][et_pb_column type=&#8221;1_2&#8243; _builder_version=&#8221;3.0.47&#8243;][et_pb_text _builder_version=&#8221;3.0.106&#8243; text_font=&#8221;|700|||||||&#8221; text_font_size=&#8221;16px&#8221; text_font_size_tablet=&#8221;16px&#8221; text_font_size_last_edited=&#8221;on|tablet&#8221; text_line_height=&#8221;1.3em&#8221; header_font=&#8221;||||||||&#8221; header_text_color=&#8221;#ffffff&#8221; header_3_font=&#8221;|700|||||||&#8221; header_3_font_size=&#8221;26px&#8221; header_3_font_size_tablet=&#8221;33px&#8221; header_3_font_size_phone=&#8221;25px&#8221; header_3_font_size_last_edited=&#8221;on|phone&#8221; header_3_line_height=&#8221;1.2em&#8221; background_layout=&#8221;dark&#8221;]<\/p>\n<h3>Welcome to\u00a0Robusta \u00c4ventyr!<\/h3>\n<p>Our mission is to create genuine soft adventures for you to enjoy!\u00a0We know a lot about Scanian nature, don&#8217;t hesitate to contact us.<\/p>\n<p>[\/et_pb_text][et_pb_image src=&#8221;https:\/\/robustaaventyr.se\/wp-content\/uploads\/2018\/04\/eko-white.png&#8221; url=&#8221;http:\/\/www.ekoturism.org&#8221; url_new_window=&#8221;on&#8221; always_center_on_mobile=&#8221;off&#8221; _builder_version=&#8221;3.0.106&#8243; max_width=&#8221;30%&#8221; custom_margin=&#8221;|||&#8221; custom_padding=&#8221;20px||20px|&#8221;][\/et_pb_image][\/et_pb_column][et_pb_column type=&#8221;1_4&#8243; _builder_version=&#8221;3.0.47&#8243;][et_pb_blurb title=&#8221;Email us&#8221; url=&#8221;mailto:info@robustaaventyr.se&#8221; url_new_window=&#8221;on&#8221; use_icon=&#8221;on&#8221; font_icon=&#8221;%%109%%&#8221; icon_color=&#8221;#ffffff&#8221; icon_placement=&#8221;left&#8221; _builder_version=&#8221;3.0.106&#8243; header_font=&#8221;||||||||&#8221; header_text_color=&#8221;#ffffff&#8221; body_font=&#8221;|700|||||||&#8221; body_font_size=&#8221;16px&#8221; body_font_size_tablet=&#8221;16px&#8221; body_font_size_phone=&#8221;16px&#8221; body_font_size_last_edited=&#8221;on|phone&#8221; text_orientation=&#8221;center&#8221; custom_margin=&#8221;|||&#8221; custom_margin_last_edited=&#8221;on|desktop&#8221; custom_padding=&#8221;|||&#8221; custom_padding_tablet=&#8221;50px|||&#8221; custom_padding_phone=&#8221;10px|||&#8221; custom_padding_last_edited=&#8221;on|phone&#8221;]<\/p>\n<p><span style=\"text-decoration: underline; color: #ffffff;\"><a style=\"text-decoration: underline; color: #ffffff;\" href=\"mailto:info@robustaaventyr.se\" target=\"_blank\" rel=\"noopener noreferrer\">info@robustaaventyr.se<\/a><\/span><\/p>\n<p>[\/et_pb_blurb][et_pb_blurb title=&#8221;Call us&#8221; url=&#8221;tel:46761398764&#8243; url_new_window=&#8221;on&#8221; use_icon=&#8221;on&#8221; font_icon=&#8221;%%264%%&#8221; icon_color=&#8221;#ffffff&#8221; icon_placement=&#8221;left&#8221; _builder_version=&#8221;3.0.106&#8243; header_font=&#8221;||||||||&#8221; header_text_color=&#8221;#ffffff&#8221; body_font=&#8221;|700|||||||&#8221; body_font_size=&#8221;16px&#8221; body_font_size_tablet=&#8221;16px&#8221; body_font_size_phone=&#8221;16px&#8221; body_font_size_last_edited=&#8221;on|phone&#8221; text_orientation=&#8221;center&#8221; custom_margin=&#8221;|||&#8221; custom_margin_tablet=&#8221;|||&#8221; custom_margin_last_edited=&#8221;on|desktop&#8221; custom_padding=&#8221;|||&#8221; custom_padding_tablet=&#8221;50px|||&#8221; custom_padding_phone=&#8221;10px|||&#8221; custom_padding_last_edited=&#8221;on|phone&#8221;]<\/p>\n<p><span style=\"text-decoration: underline; color: #ffffff;\"><a style=\"color: #ffffff; text-decoration: underline;\" href=\"tel:46761398764\" target=\"_blank\" rel=\"noopener noreferrer\">+46 761 39 87 64<\/a><\/span><\/p>\n<p>[\/et_pb_blurb][\/et_pb_column][et_pb_column type=&#8221;1_4&#8243; _builder_version=&#8221;3.0.47&#8243;][et_pb_image src=&#8221;https:\/\/robustaaventyr.se\/wp-content\/uploads\/2018\/02\/camilla-kontakt.png&#8221; force_fullwidth=&#8221;on&#8221; _builder_version=&#8221;3.0.106&#8243;][\/et_pb_image][\/et_pb_column][\/et_pb_row][\/et_pb_section]<\/p>\n","protected":false},"excerpt":{"rendered":"<p>WHAT INFORMATION DO WE COLLECT? We collect information from you when you email us, use the contact form or make a booking. Bookings are managed by Bokun on our behalf. When booking on our site, you are asked to enter name, e-mail address, postal address, phone number, dates, card details etc. WHO IS CHARGE OF [&hellip;]<\/p>\n","protected":false},"author":1,"featured_media":773,"parent":0,"menu_order":0,"comment_status":"closed","ping_status":"closed","template":"","meta":{"_et_pb_use_builder":"on","_et_pb_old_content":"","_et_gb_content_width":"","footnotes":""},"class_list":["post-561","page","type-page","status-publish","has-post-thumbnail","hentry"],"yoast_head":"<!-- This site is optimized with the Yoast SEO plugin v27.4 - https:\/\/yoast.com\/product\/yoast-seo-wordpress\/ -->\n<title>Privacy policy - Robusta \u00c4ventyr<\/title>\n<meta name=\"robots\" content=\"index, follow, max-snippet:-1, max-image-preview:large, max-video-preview:-1\" \/>\n<link rel=\"canonical\" href=\"https:\/\/robustaaventyr.se\/en\/privacy-policy\/\" \/>\n<meta property=\"og:locale\" content=\"en_US\" \/>\n<meta property=\"og:type\" content=\"article\" \/>\n<meta property=\"og:title\" content=\"Privacy policy - Robusta \u00c4ventyr\" \/>\n<meta property=\"og:description\" content=\"WHAT INFORMATION DO WE COLLECT? We collect information from you when you email us, use the contact form or make a booking. Bookings are managed by Bokun on our behalf. When booking on our site, you are asked to enter name, e-mail address, postal address, phone number, dates, card details etc. WHO IS CHARGE OF [&hellip;]\" \/>\n<meta property=\"og:url\" content=\"https:\/\/robustaaventyr.se\/en\/privacy-policy\/\" \/>\n<meta property=\"og:site_name\" content=\"Robusta \u00c4ventyr\" \/>\n<meta property=\"article:publisher\" content=\"https:\/\/www.facebook.com\/RobustaAventyr\/\" \/>\n<meta property=\"article:modified_time\" content=\"2019-03-15T02:49:37+00:00\" \/>\n<meta property=\"og:image\" content=\"https:\/\/robustaaventyr.se\/wp-content\/uploads\/2019\/01\/og-robusta.jpg\" \/>\n\t<meta property=\"og:image:width\" content=\"1200\" \/>\n\t<meta property=\"og:image:height\" content=\"675\" \/>\n\t<meta property=\"og:image:type\" content=\"image\/jpeg\" \/>\n<meta name=\"twitter:card\" content=\"summary_large_image\" \/>\n<meta name=\"twitter:label1\" content=\"Est. reading time\" \/>\n\t<meta name=\"twitter:data1\" content=\"6 minutes\" \/>\n<script type=\"application\/ld+json\" class=\"yoast-schema-graph\">{\"@context\":\"https:\\\/\\\/schema.org\",\"@graph\":[{\"@type\":\"WebPage\",\"@id\":\"https:\\\/\\\/robustaaventyr.se\\\/en\\\/privacy-policy\\\/\",\"url\":\"https:\\\/\\\/robustaaventyr.se\\\/en\\\/privacy-policy\\\/\",\"name\":\"Privacy policy - Robusta \u00c4ventyr\",\"isPartOf\":{\"@id\":\"https:\\\/\\\/robustaaventyr.se\\\/en\\\/#website\"},\"primaryImageOfPage\":{\"@id\":\"https:\\\/\\\/robustaaventyr.se\\\/en\\\/privacy-policy\\\/#primaryimage\"},\"image\":{\"@id\":\"https:\\\/\\\/robustaaventyr.se\\\/en\\\/privacy-policy\\\/#primaryimage\"},\"thumbnailUrl\":\"https:\\\/\\\/robustaaventyr.se\\\/wp-content\\\/uploads\\\/2019\\\/01\\\/og-robusta.jpg\",\"datePublished\":\"2018-05-04T13:07:09+00:00\",\"dateModified\":\"2019-03-15T02:49:37+00:00\",\"breadcrumb\":{\"@id\":\"https:\\\/\\\/robustaaventyr.se\\\/en\\\/privacy-policy\\\/#breadcrumb\"},\"inLanguage\":\"en-US\",\"potentialAction\":[{\"@type\":\"ReadAction\",\"target\":[\"https:\\\/\\\/robustaaventyr.se\\\/en\\\/privacy-policy\\\/\"]}]},{\"@type\":\"ImageObject\",\"inLanguage\":\"en-US\",\"@id\":\"https:\\\/\\\/robustaaventyr.se\\\/en\\\/privacy-policy\\\/#primaryimage\",\"url\":\"https:\\\/\\\/robustaaventyr.se\\\/wp-content\\\/uploads\\\/2019\\\/01\\\/og-robusta.jpg\",\"contentUrl\":\"https:\\\/\\\/robustaaventyr.se\\\/wp-content\\\/uploads\\\/2019\\\/01\\\/og-robusta.jpg\",\"width\":1200,\"height\":675},{\"@type\":\"BreadcrumbList\",\"@id\":\"https:\\\/\\\/robustaaventyr.se\\\/en\\\/privacy-policy\\\/#breadcrumb\",\"itemListElement\":[{\"@type\":\"ListItem\",\"position\":1,\"name\":\"Hem\",\"item\":\"https:\\\/\\\/robustaaventyr.se\\\/en\\\/\"},{\"@type\":\"ListItem\",\"position\":2,\"name\":\"Privacy policy\"}]},{\"@type\":\"WebSite\",\"@id\":\"https:\\\/\\\/robustaaventyr.se\\\/en\\\/#website\",\"url\":\"https:\\\/\\\/robustaaventyr.se\\\/en\\\/\",\"name\":\"Robusta \u00c4ventyr\",\"description\":\"Ute \u00e4r inne\",\"potentialAction\":[{\"@type\":\"SearchAction\",\"target\":{\"@type\":\"EntryPoint\",\"urlTemplate\":\"https:\\\/\\\/robustaaventyr.se\\\/en\\\/?s={search_term_string}\"},\"query-input\":{\"@type\":\"PropertyValueSpecification\",\"valueRequired\":true,\"valueName\":\"search_term_string\"}}],\"inLanguage\":\"en-US\"}]}<\/script>\n<!-- \/ Yoast SEO plugin. -->","yoast_head_json":{"title":"Privacy policy - Robusta \u00c4ventyr","robots":{"index":"index","follow":"follow","max-snippet":"max-snippet:-1","max-image-preview":"max-image-preview:large","max-video-preview":"max-video-preview:-1"},"canonical":"https:\/\/robustaaventyr.se\/en\/privacy-policy\/","og_locale":"en_US","og_type":"article","og_title":"Privacy policy - Robusta \u00c4ventyr","og_description":"WHAT INFORMATION DO WE COLLECT? We collect information from you when you email us, use the contact form or make a booking. Bookings are managed by Bokun on our behalf. When booking on our site, you are asked to enter name, e-mail address, postal address, phone number, dates, card details etc. WHO IS CHARGE OF [&hellip;]","og_url":"https:\/\/robustaaventyr.se\/en\/privacy-policy\/","og_site_name":"Robusta \u00c4ventyr","article_publisher":"https:\/\/www.facebook.com\/RobustaAventyr\/","article_modified_time":"2019-03-15T02:49:37+00:00","og_image":[{"width":1200,"height":675,"url":"https:\/\/robustaaventyr.se\/wp-content\/uploads\/2019\/01\/og-robusta.jpg","type":"image\/jpeg"}],"twitter_card":"summary_large_image","twitter_misc":{"Est. reading time":"6 minutes"},"schema":{"@context":"https:\/\/schema.org","@graph":[{"@type":"WebPage","@id":"https:\/\/robustaaventyr.se\/en\/privacy-policy\/","url":"https:\/\/robustaaventyr.se\/en\/privacy-policy\/","name":"Privacy policy - Robusta \u00c4ventyr","isPartOf":{"@id":"https:\/\/robustaaventyr.se\/en\/#website"},"primaryImageOfPage":{"@id":"https:\/\/robustaaventyr.se\/en\/privacy-policy\/#primaryimage"},"image":{"@id":"https:\/\/robustaaventyr.se\/en\/privacy-policy\/#primaryimage"},"thumbnailUrl":"https:\/\/robustaaventyr.se\/wp-content\/uploads\/2019\/01\/og-robusta.jpg","datePublished":"2018-05-04T13:07:09+00:00","dateModified":"2019-03-15T02:49:37+00:00","breadcrumb":{"@id":"https:\/\/robustaaventyr.se\/en\/privacy-policy\/#breadcrumb"},"inLanguage":"en-US","potentialAction":[{"@type":"ReadAction","target":["https:\/\/robustaaventyr.se\/en\/privacy-policy\/"]}]},{"@type":"ImageObject","inLanguage":"en-US","@id":"https:\/\/robustaaventyr.se\/en\/privacy-policy\/#primaryimage","url":"https:\/\/robustaaventyr.se\/wp-content\/uploads\/2019\/01\/og-robusta.jpg","contentUrl":"https:\/\/robustaaventyr.se\/wp-content\/uploads\/2019\/01\/og-robusta.jpg","width":1200,"height":675},{"@type":"BreadcrumbList","@id":"https:\/\/robustaaventyr.se\/en\/privacy-policy\/#breadcrumb","itemListElement":[{"@type":"ListItem","position":1,"name":"Hem","item":"https:\/\/robustaaventyr.se\/en\/"},{"@type":"ListItem","position":2,"name":"Privacy policy"}]},{"@type":"WebSite","@id":"https:\/\/robustaaventyr.se\/en\/#website","url":"https:\/\/robustaaventyr.se\/en\/","name":"Robusta \u00c4ventyr","description":"Ute \u00e4r inne","potentialAction":[{"@type":"SearchAction","target":{"@type":"EntryPoint","urlTemplate":"https:\/\/robustaaventyr.se\/en\/?s={search_term_string}"},"query-input":{"@type":"PropertyValueSpecification","valueRequired":true,"valueName":"search_term_string"}}],"inLanguage":"en-US"}]}},"_links":{"self":[{"href":"https:\/\/robustaaventyr.se\/en\/wp-json\/wp\/v2\/pages\/561","targetHints":{"allow":["GET"]}}],"collection":[{"href":"https:\/\/robustaaventyr.se\/en\/wp-json\/wp\/v2\/pages"}],"about":[{"href":"https:\/\/robustaaventyr.se\/en\/wp-json\/wp\/v2\/types\/page"}],"author":[{"embeddable":true,"href":"https:\/\/robustaaventyr.se\/en\/wp-json\/wp\/v2\/users\/1"}],"replies":[{"embeddable":true,"href":"https:\/\/robustaaventyr.se\/en\/wp-json\/wp\/v2\/comments?post=561"}],"version-history":[{"count":0,"href":"https:\/\/robustaaventyr.se\/en\/wp-json\/wp\/v2\/pages\/561\/revisions"}],"wp:featuredmedia":[{"embeddable":true,"href":"https:\/\/robustaaventyr.se\/en\/wp-json\/wp\/v2\/media\/773"}],"wp:attachment":[{"href":"https:\/\/robustaaventyr.se\/en\/wp-json\/wp\/v2\/media?parent=561"}],"curies":[{"name":"wp","href":"https:\/\/api.w.org\/{rel}","templated":true}]}}