{"id":479,"date":"2018-04-27T11:07:37","date_gmt":"2018-04-27T11:07:37","guid":{"rendered":"http:\/\/robustaaventyr.se\/?page_id=479"},"modified":"2019-03-15T02:45:17","modified_gmt":"2019-03-15T02:45:17","slug":"contact","status":"publish","type":"page","link":"https:\/\/robustaaventyr.se\/en\/contact\/","title":{"rendered":"Contact"},"content":{"rendered":"<p>[et_pb_section fb_built=&#8221;1&#8243; fullwidth=&#8221;on&#8221; _builder_version=&#8221;3.0.106&#8243;][et_pb_fullwidth_header title=&#8221;Contact us&#8221; text_orientation=&#8221;center&#8221; _builder_version=&#8221;3.16&#8243; title_font=&#8221;||||||||&#8221; title_text_align=&#8221;center&#8221; title_font_size=&#8221;48px&#8221; title_text_shadow_style=&#8221;preset3&#8243; subhead_font=&#8221;|700|||||||&#8221; subhead_font_size=&#8221;24px&#8221; background_color=&#8221;rgba(255,255,255,0)&#8221; use_background_color_gradient=&#8221;on&#8221; background_color_gradient_start=&#8221;rgba(0,0,0,0.67)&#8221; background_color_gradient_end=&#8221;rgba(86,86,86,0)&#8221; background_color_gradient_overlays_image=&#8221;on&#8221; background_image=&#8221;https:\/\/robustaaventyr.se\/wp-content\/uploads\/2018\/05\/vitsippor-bred.jpg&#8221; background_position=&#8221;bottom_left&#8221; custom_margin=&#8221;|||&#8221; custom_padding=&#8221;||100px|&#8221; text_shadow_style=&#8221;preset2&#8243; custom_css_title=&#8221;padding-top: 100px;||||&#8221; button_one_text_size__hover_enabled=&#8221;off&#8221; button_two_text_size__hover_enabled=&#8221;off&#8221; button_one_text_color__hover_enabled=&#8221;off&#8221; button_two_text_color__hover_enabled=&#8221;off&#8221; button_one_border_width__hover_enabled=&#8221;off&#8221; button_two_border_width__hover_enabled=&#8221;off&#8221; button_one_border_color__hover_enabled=&#8221;off&#8221; button_two_border_color__hover_enabled=&#8221;off&#8221; button_one_border_radius__hover_enabled=&#8221;off&#8221; button_two_border_radius__hover_enabled=&#8221;off&#8221; button_one_letter_spacing__hover_enabled=&#8221;off&#8221; button_two_letter_spacing__hover_enabled=&#8221;off&#8221; button_one_bg_color__hover_enabled=&#8221;off&#8221; button_two_bg_color__hover_enabled=&#8221;off&#8221;][\/et_pb_fullwidth_header][\/et_pb_section][et_pb_section fb_built=&#8221;1&#8243; _builder_version=&#8221;3.1.1&#8243; custom_margin=&#8221;|||&#8221; custom_padding=&#8221;38px|0px|6px|0px&#8221;][et_pb_row make_fullwidth=&#8221;on&#8221; custom_width_px=&#8221;2600px&#8221; custom_padding=&#8221;21px|0px|27px|0px&#8221; custom_margin=&#8221;|||&#8221; padding_top_1=&#8221;20px&#8221; padding_top_2=&#8221;20px&#8221; padding_top_3=&#8221;20px&#8221; padding_bottom_1=&#8221;20px&#8221; padding_bottom_2=&#8221;20px&#8221; padding_bottom_3=&#8221;20px&#8221; _builder_version=&#8221;3.1.1&#8243; module_alignment=&#8221;center&#8221;][et_pb_column type=&#8221;1_4&#8243; _builder_version=&#8221;3.0.47&#8243;][et_pb_text _builder_version=&#8221;3.1.1&#8243; text_text_color=&#8221;#ffffff&#8221; header_font=&#8221;||||||||&#8221; header_text_color=&#8221;#ec6707&#8243; header_font_size_tablet=&#8221;30px&#8221; header_font_size_last_edited=&#8221;on|phone&#8221; header_2_font=&#8221;||||||||&#8221; header_2_text_color=&#8221;#ec6707&#8243; header_3_text_color=&#8221;#ffffff&#8221; custom_padding=&#8221;|||&#8221;]<\/p>\n<h2>Robusta \u00c4ventyr<\/h2>\n<p>[\/et_pb_text][et_pb_blurb title=&#8221;Email&#8221; use_icon=&#8221;on&#8221; font_icon=&#8221;%%153%%&#8221; icon_placement=&#8221;left&#8221; _builder_version=&#8221;3.1.1&#8243; header_font=&#8221;||||||||&#8221; header_text_color=&#8221;#ec6707&#8243; header_font_size=&#8221;18px&#8221; body_font=&#8221;||||||||&#8221; body_text_color=&#8221;#666666&#8243;]<span style=\"text-decoration: underline;\"><a href=\"mailto:info@robustaaventyr.se\"><b><span style=\"color: #666666; text-decoration: underline;\">info@robustaaventyr.se<\/span><\/b><\/a><\/span>[\/et_pb_blurb][et_pb_blurb title=&#8221;Phone&#8221; use_icon=&#8221;on&#8221; font_icon=&#8221;%%264%%&#8221; icon_placement=&#8221;left&#8221; _builder_version=&#8221;3.1.1&#8243; header_font=&#8221;||||||||&#8221; header_text_color=&#8221;#ec6707&#8243; header_font_size=&#8221;18px&#8221; body_font=&#8221;||||||||&#8221; body_text_color=&#8221;#666666&#8243;]<a href=\"tel:46761398764\"><span style=\"text-decoration: underline;\"><strong><span style=\"color: #666666; text-decoration: underline;\">+46 761 398 764<\/span><\/strong><\/span><\/a>[\/et_pb_blurb][et_pb_blurb title=&#8221;Address&#8221; use_icon=&#8221;on&#8221; font_icon=&#8221;%%249%%&#8221; icon_placement=&#8221;left&#8221; _builder_version=&#8221;3.1.1&#8243; header_font=&#8221;||||||||&#8221; header_text_color=&#8221;#ec6707&#8243; header_font_size=&#8221;18px&#8221; body_font=&#8221;||||||||&#8221; body_text_color=&#8221;#666666&#8243;]<strong>Orman\u00e4s 367<\/strong><br \/>\n<strong>SE-24391 H\u00f6\u00f6r<\/strong><br \/>\n[\/et_pb_blurb][\/et_pb_column][et_pb_column type=&#8221;1_2&#8243; _builder_version=&#8221;3.0.47&#8243;][et_pb_contact_form captcha=&#8221;off&#8221; email=&#8221;info@robustaaventyr.se&#8221; custom_message=&#8221;%%name%%||et_pb_line_break_holder||%%email%%||et_pb_line_break_holder||||et_pb_line_break_holder||%%message%%&#8221; success_message=&#8221;Your message has been sent. We will reply soon!&#8221; submit_button_text=&#8221;send&#8221; form_background_color=&#8221;#ffffff&#8221; module_id=&#8221;et_pb_contact_form_0&#8243; _builder_version=&#8221;3.1.1&#8243; title_font=&#8221;||||||||&#8221; form_field_font=&#8221;|700|||||||&#8221; form_field_text_color=&#8221;#666666&#8243; form_field_font_size=&#8221;15px&#8221; border_width_all=&#8221;1px&#8221; border_color_all=&#8221;#0daf9f&#8221; custom_button=&#8221;on&#8221; button_text_size=&#8221;14px&#8221; button_text_color=&#8221;#ffffff&#8221; button_bg_color=&#8221;#ec6707&#8243; button_border_width=&#8221;5px&#8221; button_border_color=&#8221;#ec6707&#8243; button_font=&#8221;||||||||&#8221; button_use_icon=&#8221;off&#8221; box_shadow_style_button=&#8221;preset3&#8243; custom_margin=&#8221;|||&#8221; custom_padding=&#8221;|||&#8221; button_text_color_hover=&#8221;#ffffff&#8221; button_bg_color_hover=&#8221;#0daf9f&#8221; button_border_color_hover=&#8221;#0daf9f&#8221;][et_pb_contact_field field_id=&#8221;name&#8221; field_title=&#8221;Name&#8221; fullwidth_field=&#8221;on&#8221; _builder_version=&#8221;3.16&#8243; button_text_size__hover_enabled=&#8221;off&#8221; button_one_text_size__hover_enabled=&#8221;off&#8221; button_two_text_size__hover_enabled=&#8221;off&#8221; button_text_color__hover_enabled=&#8221;off&#8221; button_one_text_color__hover_enabled=&#8221;off&#8221; button_two_text_color__hover_enabled=&#8221;off&#8221; button_border_width__hover_enabled=&#8221;off&#8221; button_one_border_width__hover_enabled=&#8221;off&#8221; button_two_border_width__hover_enabled=&#8221;off&#8221; button_border_color__hover_enabled=&#8221;off&#8221; button_one_border_color__hover_enabled=&#8221;off&#8221; button_two_border_color__hover_enabled=&#8221;off&#8221; button_border_radius__hover_enabled=&#8221;off&#8221; button_one_border_radius__hover_enabled=&#8221;off&#8221; button_two_border_radius__hover_enabled=&#8221;off&#8221; button_letter_spacing__hover_enabled=&#8221;off&#8221; button_one_letter_spacing__hover_enabled=&#8221;off&#8221; button_two_letter_spacing__hover_enabled=&#8221;off&#8221; button_bg_color__hover_enabled=&#8221;off&#8221; button_one_bg_color__hover_enabled=&#8221;off&#8221; button_two_bg_color__hover_enabled=&#8221;off&#8221;][\/et_pb_contact_field][et_pb_contact_field field_id=&#8221;email&#8221; field_title=&#8221;Email&#8221; field_type=&#8221;email&#8221; fullwidth_field=&#8221;on&#8221; _builder_version=&#8221;3.16&#8243; button_text_size__hover_enabled=&#8221;off&#8221; button_one_text_size__hover_enabled=&#8221;off&#8221; button_two_text_size__hover_enabled=&#8221;off&#8221; button_text_color__hover_enabled=&#8221;off&#8221; button_one_text_color__hover_enabled=&#8221;off&#8221; button_two_text_color__hover_enabled=&#8221;off&#8221; button_border_width__hover_enabled=&#8221;off&#8221; button_one_border_width__hover_enabled=&#8221;off&#8221; button_two_border_width__hover_enabled=&#8221;off&#8221; button_border_color__hover_enabled=&#8221;off&#8221; button_one_border_color__hover_enabled=&#8221;off&#8221; button_two_border_color__hover_enabled=&#8221;off&#8221; button_border_radius__hover_enabled=&#8221;off&#8221; button_one_border_radius__hover_enabled=&#8221;off&#8221; button_two_border_radius__hover_enabled=&#8221;off&#8221; button_letter_spacing__hover_enabled=&#8221;off&#8221; button_one_letter_spacing__hover_enabled=&#8221;off&#8221; button_two_letter_spacing__hover_enabled=&#8221;off&#8221; button_bg_color__hover_enabled=&#8221;off&#8221; button_one_bg_color__hover_enabled=&#8221;off&#8221; button_two_bg_color__hover_enabled=&#8221;off&#8221;][\/et_pb_contact_field][et_pb_contact_field field_id=&#8221;message&#8221; field_title=&#8221;Message&#8221; field_type=&#8221;text&#8221; fullwidth_field=&#8221;on&#8221; _builder_version=&#8221;3.16&#8243; button_text_size__hover_enabled=&#8221;off&#8221; button_one_text_size__hover_enabled=&#8221;off&#8221; button_two_text_size__hover_enabled=&#8221;off&#8221; button_text_color__hover_enabled=&#8221;off&#8221; button_one_text_color__hover_enabled=&#8221;off&#8221; button_two_text_color__hover_enabled=&#8221;off&#8221; button_border_width__hover_enabled=&#8221;off&#8221; button_one_border_width__hover_enabled=&#8221;off&#8221; button_two_border_width__hover_enabled=&#8221;off&#8221; button_border_color__hover_enabled=&#8221;off&#8221; button_one_border_color__hover_enabled=&#8221;off&#8221; button_two_border_color__hover_enabled=&#8221;off&#8221; button_border_radius__hover_enabled=&#8221;off&#8221; button_one_border_radius__hover_enabled=&#8221;off&#8221; button_two_border_radius__hover_enabled=&#8221;off&#8221; button_letter_spacing__hover_enabled=&#8221;off&#8221; button_one_letter_spacing__hover_enabled=&#8221;off&#8221; button_two_letter_spacing__hover_enabled=&#8221;off&#8221; button_bg_color__hover_enabled=&#8221;off&#8221; button_one_bg_color__hover_enabled=&#8221;off&#8221; button_two_bg_color__hover_enabled=&#8221;off&#8221;][\/et_pb_contact_field][et_pb_contact_field field_id=&#8221;Consent_according_to_GDPR&#8221; field_title=&#8221; &#8221; field_type=&#8221;checkbox&#8221; checkbox_options=&#8221;%91{%22value%22:%22I accept the Privacy Policy (link in footer)%22,%22checked%22:0,%22dragID%22:0}%93&#8243; fullwidth_field=&#8221;on&#8221; field_background_color=&#8221;#ffffff&#8221; _builder_version=&#8221;3.16&#8243; form_field_font=&#8221;||||||||&#8221; form_field_text_align=&#8221;left&#8221; form_field_text_color=&#8221;#666666&#8243; button_text_size__hover_enabled=&#8221;off&#8221; button_one_text_size__hover_enabled=&#8221;off&#8221; button_two_text_size__hover_enabled=&#8221;off&#8221; button_text_color__hover_enabled=&#8221;off&#8221; button_one_text_color__hover_enabled=&#8221;off&#8221; button_two_text_color__hover_enabled=&#8221;off&#8221; button_border_width__hover_enabled=&#8221;off&#8221; button_one_border_width__hover_enabled=&#8221;off&#8221; button_two_border_width__hover_enabled=&#8221;off&#8221; button_border_color__hover_enabled=&#8221;off&#8221; button_one_border_color__hover_enabled=&#8221;off&#8221; button_two_border_color__hover_enabled=&#8221;off&#8221; button_border_radius__hover_enabled=&#8221;off&#8221; button_one_border_radius__hover_enabled=&#8221;off&#8221; button_two_border_radius__hover_enabled=&#8221;off&#8221; button_letter_spacing__hover_enabled=&#8221;off&#8221; button_one_letter_spacing__hover_enabled=&#8221;off&#8221; button_two_letter_spacing__hover_enabled=&#8221;off&#8221; button_bg_color__hover_enabled=&#8221;off&#8221; button_one_bg_color__hover_enabled=&#8221;off&#8221; button_two_bg_color__hover_enabled=&#8221;off&#8221;][\/et_pb_contact_field][\/et_pb_contact_form][\/et_pb_column][et_pb_column type=&#8221;1_4&#8243; _builder_version=&#8221;3.0.47&#8243;][et_pb_image src=&#8221;https:\/\/robustaaventyr.se\/wp-content\/uploads\/2018\/02\/camilla-kontakt.png&#8221; disabled_on=&#8221;on|off|off&#8221; _builder_version=&#8221;3.1.1&#8243; custom_padding=&#8221;|||&#8221;][\/et_pb_image][\/et_pb_column][\/et_pb_row][\/et_pb_section][et_pb_section fb_built=&#8221;1&#8243; fullwidth=&#8221;on&#8221; _builder_version=&#8221;3.1.1&#8243; bottom_divider_color=&#8221;#ec6707&#8243;][et_pb_fullwidth_map address=&#8221;Stehag 1702, 241 75 Stehag, Sverige&#8221; zoom_level=&#8221;7&#8243; address_lat=&#8221;55.697015586733&#8243; address_lng=&#8221;11.940851690625&#8243; mouse_wheel=&#8221;off&#8221; _builder_version=&#8221;3.1.1&#8243; box_shadow_style=&#8221;preset6&#8243; custom_padding=&#8221;|||&#8221;][et_pb_map_pin title=&#8221;Robusta \u00c4ventyr&#8221; pin_address=&#8221;Ugglehult 4, 360 30 Lammhult, Sverige&#8221; zoom_level=&#8221;5&#8243; pin_address_lat=&#8221;55.899956144068&#8243; pin_address_lng=&#8221;13.447265625&#8243; _builder_version=&#8221;3.1.1&#8243;][\/et_pb_map_pin][\/et_pb_fullwidth_map][\/et_pb_section]<\/p>\n","protected":false},"excerpt":{"rendered":"<p>Robusta \u00c4ventyr info@robustaaventyr.se+46 761 398 764Orman\u00e4s 367 SE-24391 H\u00f6\u00f6r<\/p>\n","protected":false},"author":1,"featured_media":773,"parent":0,"menu_order":0,"comment_status":"closed","ping_status":"closed","template":"","meta":{"_et_pb_use_builder":"on","_et_pb_old_content":"","_et_gb_content_width":"","footnotes":""},"class_list":["post-479","page","type-page","status-publish","has-post-thumbnail","hentry"],"yoast_head":"<!-- This site is optimized with the Yoast SEO plugin v27.3 - https:\/\/yoast.com\/product\/yoast-seo-wordpress\/ -->\n<title>Contact - Robusta \u00c4ventyr<\/title>\n<meta name=\"robots\" content=\"index, follow, max-snippet:-1, max-image-preview:large, max-video-preview:-1\" \/>\n<link rel=\"canonical\" href=\"https:\/\/robustaaventyr.se\/en\/contact\/\" \/>\n<meta property=\"og:locale\" content=\"en_US\" \/>\n<meta property=\"og:type\" content=\"article\" \/>\n<meta property=\"og:title\" content=\"Contact - Robusta \u00c4ventyr\" \/>\n<meta property=\"og:description\" content=\"Robusta \u00c4ventyr info@robustaaventyr.se+46 761 398 764Orman\u00e4s 367 SE-24391 H\u00f6\u00f6r\" \/>\n<meta property=\"og:url\" content=\"https:\/\/robustaaventyr.se\/en\/contact\/\" \/>\n<meta property=\"og:site_name\" content=\"Robusta \u00c4ventyr\" \/>\n<meta property=\"article:publisher\" content=\"https:\/\/www.facebook.com\/RobustaAventyr\/\" \/>\n<meta property=\"article:modified_time\" content=\"2019-03-15T02:45:17+00:00\" \/>\n<meta property=\"og:image\" content=\"https:\/\/robustaaventyr.se\/wp-content\/uploads\/2019\/01\/og-robusta.jpg\" \/>\n\t<meta property=\"og:image:width\" content=\"1200\" \/>\n\t<meta property=\"og:image:height\" content=\"675\" \/>\n\t<meta property=\"og:image:type\" content=\"image\/jpeg\" \/>\n<meta name=\"twitter:card\" content=\"summary_large_image\" \/>\n<meta name=\"twitter:label1\" content=\"Est. reading time\" \/>\n\t<meta name=\"twitter:data1\" content=\"7 minutes\" \/>\n<script type=\"application\/ld+json\" class=\"yoast-schema-graph\">{\"@context\":\"https:\\\/\\\/schema.org\",\"@graph\":[{\"@type\":\"WebPage\",\"@id\":\"https:\\\/\\\/robustaaventyr.se\\\/en\\\/contact\\\/\",\"url\":\"https:\\\/\\\/robustaaventyr.se\\\/en\\\/contact\\\/\",\"name\":\"Contact - Robusta \u00c4ventyr\",\"isPartOf\":{\"@id\":\"https:\\\/\\\/robustaaventyr.se\\\/en\\\/#website\"},\"primaryImageOfPage\":{\"@id\":\"https:\\\/\\\/robustaaventyr.se\\\/en\\\/contact\\\/#primaryimage\"},\"image\":{\"@id\":\"https:\\\/\\\/robustaaventyr.se\\\/en\\\/contact\\\/#primaryimage\"},\"thumbnailUrl\":\"https:\\\/\\\/robustaaventyr.se\\\/wp-content\\\/uploads\\\/2019\\\/01\\\/og-robusta.jpg\",\"datePublished\":\"2018-04-27T11:07:37+00:00\",\"dateModified\":\"2019-03-15T02:45:17+00:00\",\"breadcrumb\":{\"@id\":\"https:\\\/\\\/robustaaventyr.se\\\/en\\\/contact\\\/#breadcrumb\"},\"inLanguage\":\"en-US\",\"potentialAction\":[{\"@type\":\"ReadAction\",\"target\":[\"https:\\\/\\\/robustaaventyr.se\\\/en\\\/contact\\\/\"]}]},{\"@type\":\"ImageObject\",\"inLanguage\":\"en-US\",\"@id\":\"https:\\\/\\\/robustaaventyr.se\\\/en\\\/contact\\\/#primaryimage\",\"url\":\"https:\\\/\\\/robustaaventyr.se\\\/wp-content\\\/uploads\\\/2019\\\/01\\\/og-robusta.jpg\",\"contentUrl\":\"https:\\\/\\\/robustaaventyr.se\\\/wp-content\\\/uploads\\\/2019\\\/01\\\/og-robusta.jpg\",\"width\":1200,\"height\":675},{\"@type\":\"BreadcrumbList\",\"@id\":\"https:\\\/\\\/robustaaventyr.se\\\/en\\\/contact\\\/#breadcrumb\",\"itemListElement\":[{\"@type\":\"ListItem\",\"position\":1,\"name\":\"Hem\",\"item\":\"https:\\\/\\\/robustaaventyr.se\\\/en\\\/\"},{\"@type\":\"ListItem\",\"position\":2,\"name\":\"Contact\"}]},{\"@type\":\"WebSite\",\"@id\":\"https:\\\/\\\/robustaaventyr.se\\\/en\\\/#website\",\"url\":\"https:\\\/\\\/robustaaventyr.se\\\/en\\\/\",\"name\":\"Robusta \u00c4ventyr\",\"description\":\"Ute \u00e4r inne\",\"potentialAction\":[{\"@type\":\"SearchAction\",\"target\":{\"@type\":\"EntryPoint\",\"urlTemplate\":\"https:\\\/\\\/robustaaventyr.se\\\/en\\\/?s={search_term_string}\"},\"query-input\":{\"@type\":\"PropertyValueSpecification\",\"valueRequired\":true,\"valueName\":\"search_term_string\"}}],\"inLanguage\":\"en-US\"}]}<\/script>\n<!-- \/ Yoast SEO plugin. -->","yoast_head_json":{"title":"Contact - Robusta \u00c4ventyr","robots":{"index":"index","follow":"follow","max-snippet":"max-snippet:-1","max-image-preview":"max-image-preview:large","max-video-preview":"max-video-preview:-1"},"canonical":"https:\/\/robustaaventyr.se\/en\/contact\/","og_locale":"en_US","og_type":"article","og_title":"Contact - Robusta \u00c4ventyr","og_description":"Robusta \u00c4ventyr info@robustaaventyr.se+46 761 398 764Orman\u00e4s 367 SE-24391 H\u00f6\u00f6r","og_url":"https:\/\/robustaaventyr.se\/en\/contact\/","og_site_name":"Robusta \u00c4ventyr","article_publisher":"https:\/\/www.facebook.com\/RobustaAventyr\/","article_modified_time":"2019-03-15T02:45:17+00:00","og_image":[{"width":1200,"height":675,"url":"https:\/\/robustaaventyr.se\/wp-content\/uploads\/2019\/01\/og-robusta.jpg","type":"image\/jpeg"}],"twitter_card":"summary_large_image","twitter_misc":{"Est. reading time":"7 minutes"},"schema":{"@context":"https:\/\/schema.org","@graph":[{"@type":"WebPage","@id":"https:\/\/robustaaventyr.se\/en\/contact\/","url":"https:\/\/robustaaventyr.se\/en\/contact\/","name":"Contact - Robusta \u00c4ventyr","isPartOf":{"@id":"https:\/\/robustaaventyr.se\/en\/#website"},"primaryImageOfPage":{"@id":"https:\/\/robustaaventyr.se\/en\/contact\/#primaryimage"},"image":{"@id":"https:\/\/robustaaventyr.se\/en\/contact\/#primaryimage"},"thumbnailUrl":"https:\/\/robustaaventyr.se\/wp-content\/uploads\/2019\/01\/og-robusta.jpg","datePublished":"2018-04-27T11:07:37+00:00","dateModified":"2019-03-15T02:45:17+00:00","breadcrumb":{"@id":"https:\/\/robustaaventyr.se\/en\/contact\/#breadcrumb"},"inLanguage":"en-US","potentialAction":[{"@type":"ReadAction","target":["https:\/\/robustaaventyr.se\/en\/contact\/"]}]},{"@type":"ImageObject","inLanguage":"en-US","@id":"https:\/\/robustaaventyr.se\/en\/contact\/#primaryimage","url":"https:\/\/robustaaventyr.se\/wp-content\/uploads\/2019\/01\/og-robusta.jpg","contentUrl":"https:\/\/robustaaventyr.se\/wp-content\/uploads\/2019\/01\/og-robusta.jpg","width":1200,"height":675},{"@type":"BreadcrumbList","@id":"https:\/\/robustaaventyr.se\/en\/contact\/#breadcrumb","itemListElement":[{"@type":"ListItem","position":1,"name":"Hem","item":"https:\/\/robustaaventyr.se\/en\/"},{"@type":"ListItem","position":2,"name":"Contact"}]},{"@type":"WebSite","@id":"https:\/\/robustaaventyr.se\/en\/#website","url":"https:\/\/robustaaventyr.se\/en\/","name":"Robusta \u00c4ventyr","description":"Ute \u00e4r inne","potentialAction":[{"@type":"SearchAction","target":{"@type":"EntryPoint","urlTemplate":"https:\/\/robustaaventyr.se\/en\/?s={search_term_string}"},"query-input":{"@type":"PropertyValueSpecification","valueRequired":true,"valueName":"search_term_string"}}],"inLanguage":"en-US"}]}},"_links":{"self":[{"href":"https:\/\/robustaaventyr.se\/en\/wp-json\/wp\/v2\/pages\/479","targetHints":{"allow":["GET"]}}],"collection":[{"href":"https:\/\/robustaaventyr.se\/en\/wp-json\/wp\/v2\/pages"}],"about":[{"href":"https:\/\/robustaaventyr.se\/en\/wp-json\/wp\/v2\/types\/page"}],"author":[{"embeddable":true,"href":"https:\/\/robustaaventyr.se\/en\/wp-json\/wp\/v2\/users\/1"}],"replies":[{"embeddable":true,"href":"https:\/\/robustaaventyr.se\/en\/wp-json\/wp\/v2\/comments?post=479"}],"version-history":[{"count":0,"href":"https:\/\/robustaaventyr.se\/en\/wp-json\/wp\/v2\/pages\/479\/revisions"}],"wp:featuredmedia":[{"embeddable":true,"href":"https:\/\/robustaaventyr.se\/en\/wp-json\/wp\/v2\/media\/773"}],"wp:attachment":[{"href":"https:\/\/robustaaventyr.se\/en\/wp-json\/wp\/v2\/media?parent=479"}],"curies":[{"name":"wp","href":"https:\/\/api.w.org\/{rel}","templated":true}]}}